{"id":67,"date":"2025-08-14T18:01:37","date_gmt":"2025-08-14T18:01:37","guid":{"rendered":"https:\/\/amdaags.org.mx\/?page_id=67"},"modified":"2025-09-19T17:20:13","modified_gmt":"2025-09-19T17:20:13","slug":"quienes-somos","status":"publish","type":"page","link":"https:\/\/amdaags.org.mx\/index.php\/quienes-somos\/","title":{"rendered":"\u00bfQui\u00e9nes Somos?"},"content":{"rendered":"\n<div class=\"wp-block-media-text is-stacked-on-mobile is-vertically-aligned-center\"><figure class=\"wp-block-media-text__media\"><img loading=\"lazy\" decoding=\"async\" width=\"1024\" height=\"768\" src=\"https:\/\/amdaags.org.mx\/wp-content\/uploads\/2025\/09\/Fachada-Oficial-1024x768.jpg\" alt=\"\" class=\"wp-image-148 size-full\" srcset=\"https:\/\/amdaags.org.mx\/wp-content\/uploads\/2025\/09\/Fachada-Oficial-1024x768.jpg 1024w, https:\/\/amdaags.org.mx\/wp-content\/uploads\/2025\/09\/Fachada-Oficial-300x225.jpg 300w, https:\/\/amdaags.org.mx\/wp-content\/uploads\/2025\/09\/Fachada-Oficial-768x576.jpg 768w, https:\/\/amdaags.org.mx\/wp-content\/uploads\/2025\/09\/Fachada-Oficial-1536x1152.jpg 1536w, https:\/\/amdaags.org.mx\/wp-content\/uploads\/2025\/09\/Fachada-Oficial-2048x1536.jpg 2048w\" sizes=\"auto, (max-width: 1024px) 100vw, 1024px\" \/><\/figure><div class=\"wp-block-media-text__content\">\n<p class=\"has-medium-font-size\"><strong>AMDA Aguascalientes fue creada en 1994 por concesionarios para agrupar a los representantes del sector automotor, con el objetivo de impulsar su crecimiento y desarrollo.<\/strong><\/p>\n<\/div><\/div>\n\n\n\n<div style=\"height:34px\" aria-hidden=\"true\" class=\"wp-block-spacer\"><\/div>\n\n\n\n<p><strong>Objetivos<\/strong><\/p>\n\n\n\n<ul class=\"wp-block-list\">\n<li>Somos la formaci\u00f3n de un organismo por las necesidades de los concesionarios de marca autorizados para representar y defender los intereses gremiales de las agencias distribuidoras de veh\u00edculos automotores y camiones nuevos en el Estado.<\/li>\n\n\n\n<li>Ser un \u00f3rgano de consulta y colaboraci\u00f3n de autoridades y organismos privados y coadyuvar en el dise\u00f1o e implantaci\u00f3n de pol\u00edticas y programas gubernamentales que faciliten la expansi\u00f3n y de la actividad econ\u00f3mica incluyendo la regulaci\u00f3n, vigilancia, seguridad y control del mercado automotor, as\u00ed como la prevenci\u00f3n de delitos.<\/li>\n<\/ul>\n\n\n\n<p><strong>Misi\u00f3n<\/strong><\/p>\n\n\n\n<ul class=\"wp-block-list\">\n<li>Ser un organismo que promueve de manera consistente la uni\u00f3n entre sus asociados.<\/li>\n\n\n\n<li>Promover el enlace con las autoridades gubernamentales y organismos privados en la representaci\u00f3n y defensa de los intereses de sus asociados.<\/li>\n\n\n\n<li>Ser un organismo que brinda servicios oportunos, eficaces y confiables a sus asociados.<\/li>\n<\/ul>\n\n\n\n<p><strong>Visi\u00f3n<\/strong><\/p>\n\n\n\n<ul class=\"wp-block-list\">\n<li>Lograr la capacidad institucional para brindar servicios oportunos, eficaces, confiables y de valor significativo para sus asociados.<\/li>\n\n\n\n<li>Ser un organismo que represente un gremio reconocido por la sociedad por la unidad, fortaleza, responsabilidad legal, social y comercial con que desarrollan sus actividades de negocio.<\/li>\n\n\n\n<li>Consolidar el reconocimiento y respeto de las autoridades gubernamentales y organizaciones privadas en la representaci\u00f3n eficaz y defensa oportuna de los intereses de sus asociados.<\/li>\n<\/ul>\n\n\n\n<p><\/p>\n\n\n\n<figure class=\"wp-block-pullquote has-medium-font-size\" style=\"border-width:10px;border-radius:34px\"><blockquote><p><strong>&#8220;NUESTROS VALORES&#8221;<\/strong><\/p><cite><strong>&#8220;\u00c9tica<\/strong>&#8220;<br>Los principios de integridad, honorabilidad, lealtad, respeto y profesionalismo, son las ra\u00edces m\u00e1s profundas en las que se apoya, se preserva y se acrecienta el posicionamiento de la imagen de AMDA, de sus asociados y de sus empleados dentro de la Sociedad, Gobierno y Sectores Empresariales del Estado.<br><br><strong>&#8220;Actitud de Servicio<\/strong>&#8220;<br>Disponibilidad plena, oportuna y permanente, acompa\u00f1ada de un trato respetuoso y amable, para representar los intereses comunes de los asociados y ofrecer con eficacia y eficiencia los mejores servicios, son valores fundamentales que fortalecen el reconocimiento de los distribuidores y corresponden a los esfuerzos de \u00e9stos para el mantenimiento y permanencia de la Asociaci\u00f3n.<br><br><strong>&#8220;Responsabilidad<\/strong>&#8220;<br>La capacidad de respuesta oportuna, precisa y objetiva ante las exigencias del sector automotor y las necesidades de desarrollo empresarial de los asociados, en cualquier condici\u00f3n que presente el entorno nacional o internacional, es un valor fundamental para apoyar el compromiso institucional de AMDA ante su gremio y la sociedad en general.<\/cite><\/blockquote><\/figure>\n\n\n\n<ul class=\"wp-block-list\"><\/ul>\n\n\n\n<p><\/p>\n","protected":false},"excerpt":{"rendered":"<p><strong>Objetivos<\/strong><\/p>\n","protected":false},"author":1,"featured_media":0,"parent":0,"menu_order":0,"comment_status":"closed","ping_status":"closed","template":"","meta":{"footnotes":"[]"},"class_list":["post-67","page","type-page","status-publish","hentry"],"_links":{"self":[{"href":"https:\/\/amdaags.org.mx\/index.php\/wp-json\/wp\/v2\/pages\/67","targetHints":{"allow":["GET"]}}],"collection":[{"href":"https:\/\/amdaags.org.mx\/index.php\/wp-json\/wp\/v2\/pages"}],"about":[{"href":"https:\/\/amdaags.org.mx\/index.php\/wp-json\/wp\/v2\/types\/page"}],"author":[{"embeddable":true,"href":"https:\/\/amdaags.org.mx\/index.php\/wp-json\/wp\/v2\/users\/1"}],"replies":[{"embeddable":true,"href":"https:\/\/amdaags.org.mx\/index.php\/wp-json\/wp\/v2\/comments?post=67"}],"version-history":[{"count":31,"href":"https:\/\/amdaags.org.mx\/index.php\/wp-json\/wp\/v2\/pages\/67\/revisions"}],"predecessor-version":[{"id":240,"href":"https:\/\/amdaags.org.mx\/index.php\/wp-json\/wp\/v2\/pages\/67\/revisions\/240"}],"wp:attachment":[{"href":"https:\/\/amdaags.org.mx\/index.php\/wp-json\/wp\/v2\/media?parent=67"}],"curies":[{"name":"wp","href":"https:\/\/api.w.org\/{rel}","templated":true}]}}